{"id":7,"date":"2023-07-10T06:27:43","date_gmt":"2023-07-10T06:27:43","guid":{"rendered":"https:\/\/regenerativebrand.org\/?page_id=7"},"modified":"2023-07-10T06:27:43","modified_gmt":"2023-07-10T06:27:43","slug":"landing","status":"publish","type":"page","link":"https:\/\/regenerativebrand.org\/","title":{"rendered":"Landing"},"content":{"rendered":"\t\t<div data-elementor-type=\"wp-page\" data-elementor-id=\"7\" class=\"elementor elementor-7\">\n\t\t\t\t\t\t\t\t\t<section class=\"elementor-section elementor-top-section elementor-element elementor-element-4fb1bf26 elementor-section-height-min-height elementor-reverse-mobile elementor-section-boxed elementor-section-height-default elementor-section-items-middle\" data-id=\"4fb1bf26\" data-element_type=\"section\" data-settings=\"{&quot;background_background&quot;:&quot;classic&quot;}\">\n\t\t\t\t\t\t<div class=\"elementor-container elementor-column-gap-default\">\n\t\t\t\t\t<div class=\"elementor-column elementor-col-50 elementor-top-column elementor-element elementor-element-777d4b1a\" data-id=\"777d4b1a\" data-element_type=\"column\">\n\t\t\t<div class=\"elementor-widget-wrap elementor-element-populated\">\n\t\t\t\t\t\t\t\t<div class=\"elementor-element elementor-element-23b64cf6 elementor-invisible elementor-widget elementor-widget-image\" data-id=\"23b64cf6\" data-element_type=\"widget\" data-settings=\"{&quot;_animation&quot;:&quot;fadeIn&quot;}\" data-widget_type=\"image.default\">\n\t\t\t\t<div class=\"elementor-widget-container\">\n\t\t\t<style>\/*! elementor - v3.18.0 - 20-12-2023 *\/\n.elementor-widget-image{text-align:center}.elementor-widget-image a{display:inline-block}.elementor-widget-image a img[src$=\".svg\"]{width:48px}.elementor-widget-image img{vertical-align:middle;display:inline-block}<\/style>\t\t\t\t\t\t\t\t\t\t\t\t<img fetchpriority=\"high\" decoding=\"async\" width=\"611\" height=\"668\" src=\"https:\/\/regenerativebrand.org\/wp-content\/uploads\/2023\/07\/Recurso-3.png\" class=\"attachment-full size-full wp-image-31\" alt=\"\" srcset=\"https:\/\/regenerativebrand.org\/wp-content\/uploads\/2023\/07\/Recurso-3.png 611w, https:\/\/regenerativebrand.org\/wp-content\/uploads\/2023\/07\/Recurso-3-274x300.png 274w\" sizes=\"(max-width: 611px) 100vw, 611px\" \/>\t\t\t\t\t\t\t\t\t\t\t\t\t\t\t<\/div>\n\t\t\t\t<\/div>\n\t\t\t\t\t<\/div>\n\t\t<\/div>\n\t\t\t\t<div class=\"elementor-column elementor-col-50 elementor-top-column elementor-element elementor-element-620124fa elementor-invisible\" data-id=\"620124fa\" data-element_type=\"column\" data-settings=\"{&quot;animation&quot;:&quot;fadeInRight&quot;}\">\n\t\t\t<div class=\"elementor-widget-wrap elementor-element-populated\">\n\t\t\t\t\t\t\t\t<div class=\"elementor-element elementor-element-6b2f514e elementor-widget elementor-widget-text-editor\" data-id=\"6b2f514e\" data-element_type=\"widget\" data-widget_type=\"text-editor.default\">\n\t\t\t\t<div class=\"elementor-widget-container\">\n\t\t\t<style>\/*! elementor - v3.18.0 - 20-12-2023 *\/\n.elementor-widget-text-editor.elementor-drop-cap-view-stacked .elementor-drop-cap{background-color:#69727d;color:#fff}.elementor-widget-text-editor.elementor-drop-cap-view-framed .elementor-drop-cap{color:#69727d;border:3px solid;background-color:transparent}.elementor-widget-text-editor:not(.elementor-drop-cap-view-default) .elementor-drop-cap{margin-top:8px}.elementor-widget-text-editor:not(.elementor-drop-cap-view-default) .elementor-drop-cap-letter{width:1em;height:1em}.elementor-widget-text-editor .elementor-drop-cap{float:left;text-align:center;line-height:1;font-size:50px}.elementor-widget-text-editor .elementor-drop-cap-letter{display:inline-block}<\/style>\t\t\t\t<p>ESTAMOS<\/p>\t\t\t\t\t\t<\/div>\n\t\t\t\t<\/div>\n\t\t\t\t<div class=\"elementor-element elementor-element-8f640cc elementor-invisible elementor-widget elementor-widget-text-editor\" data-id=\"8f640cc\" data-element_type=\"widget\" data-settings=\"{&quot;_animation&quot;:&quot;fadeInRight&quot;,&quot;_animation_delay&quot;:250}\" data-widget_type=\"text-editor.default\">\n\t\t\t\t<div class=\"elementor-widget-container\">\n\t\t\t\t\t\t\t<p><span style=\"color: #70706d;\">CO-<\/span>CREANDO<\/p>\t\t\t\t\t\t<\/div>\n\t\t\t\t<\/div>\n\t\t\t\t<div class=\"elementor-element elementor-element-47830157 elementor-widget elementor-widget-text-editor\" data-id=\"47830157\" data-element_type=\"widget\" data-widget_type=\"text-editor.default\">\n\t\t\t\t<div class=\"elementor-widget-container\">\n\t\t\t\t\t\t\t<p>NEGOCIOS<br \/>M\u00c1S<br \/>HUMANOS.<\/p>\t\t\t\t\t\t<\/div>\n\t\t\t\t<\/div>\n\t\t\t\t\t<\/div>\n\t\t<\/div>\n\t\t\t\t\t\t\t<\/div>\n\t\t<\/section>\n\t\t\t\t<section class=\"elementor-section elementor-top-section elementor-element elementor-element-5e989855 elementor-section-boxed elementor-section-height-default elementor-section-height-default\" data-id=\"5e989855\" data-element_type=\"section\" data-settings=\"{&quot;background_background&quot;:&quot;classic&quot;}\">\n\t\t\t\t\t\t<div class=\"elementor-container elementor-column-gap-default\">\n\t\t\t\t\t<div class=\"elementor-column elementor-col-33 elementor-top-column elementor-element elementor-element-201a381a\" data-id=\"201a381a\" data-element_type=\"column\">\n\t\t\t<div class=\"elementor-widget-wrap elementor-element-populated\">\n\t\t\t\t\t\t\t\t<div class=\"elementor-element elementor-element-713b8968 elementor-widget elementor-widget-nav-menu\" data-id=\"713b8968\" data-element_type=\"widget\" data-widget_type=\"nav-menu.default\">\n\t\t\t\t<div class=\"elementor-widget-container\">\n\t\t\t \t\t<\/div>\n\t\t\t\t<\/div>\n\t\t\t\t\t<\/div>\n\t\t<\/div>\n\t\t\t\t<div class=\"elementor-column elementor-col-33 elementor-top-column elementor-element elementor-element-3f3eed57\" data-id=\"3f3eed57\" data-element_type=\"column\">\n\t\t\t<div class=\"elementor-widget-wrap elementor-element-populated\">\n\t\t\t\t\t\t\t\t<div class=\"elementor-element elementor-element-1c8bd4e2 elementor-widget__width-initial elementor-widget elementor-widget-text-editor\" data-id=\"1c8bd4e2\" data-element_type=\"widget\" data-widget_type=\"text-editor.default\">\n\t\t\t\t<div class=\"elementor-widget-container\">\n\t\t\t\t\t\t\t<p>Las <em><strong>marcas con sentido <\/strong><\/em>buscan aportar soluciones a la crisis del cambio clim\u00e1tico, la inequidad y la injusticia mientras hacen su negocio. <br \/>No da\u00f1ar ya no es suficiente. Hoy necesitamos crear y posicionar <strong>Marcas <\/strong><strong>Regenerativas.<\/strong><\/p>\t\t\t\t\t\t<\/div>\n\t\t\t\t<\/div>\n\t\t\t\t\t<\/div>\n\t\t<\/div>\n\t\t\t\t<div class=\"elementor-column elementor-col-33 elementor-top-column elementor-element elementor-element-25a0420e elementor-invisible\" data-id=\"25a0420e\" data-element_type=\"column\" data-settings=\"{&quot;background_background&quot;:&quot;classic&quot;,&quot;animation&quot;:&quot;fadeInUp&quot;}\">\n\t\t\t<div class=\"elementor-widget-wrap elementor-element-populated\">\n\t\t\t\t\t\t\t\t<div class=\"elementor-element elementor-element-685a01ba elementor-widget elementor-widget-text-editor\" data-id=\"685a01ba\" data-element_type=\"widget\" data-widget_type=\"text-editor.default\">\n\t\t\t\t<div class=\"elementor-widget-container\">\n\t\t\t\t\t\t\t<p>QUIERO CREAR<br \/>MI PLAN DE MARCA<br \/>REGENERATIVA<\/p>\t\t\t\t\t\t<\/div>\n\t\t\t\t<\/div>\n\t\t\t\t<div class=\"elementor-element elementor-element-72300545 elementor-widget elementor-widget-form\" data-id=\"72300545\" data-element_type=\"widget\" data-widget_type=\"form.default\">\n\t\t\t\t<div class=\"elementor-widget-container\">\n\t\t\t \t\t<\/div>\n\t\t\t\t<\/div>\n\t\t\t\t\t<\/div>\n\t\t<\/div>\n\t\t\t\t\t\t\t<\/div>\n\t\t<\/section>\n\t\t\t\t<section class=\"elementor-section elementor-top-section elementor-element elementor-element-27e9ee66 elementor-section-full_width elementor-section-stretched elementor-section-height-default elementor-section-height-default\" data-id=\"27e9ee66\" data-element_type=\"section\" data-settings=\"{&quot;stretch_section&quot;:&quot;section-stretched&quot;,&quot;background_background&quot;:&quot;classic&quot;}\">\n\t\t\t\t\t\t<div class=\"elementor-container elementor-column-gap-default\">\n\t\t\t\t\t<div class=\"elementor-column elementor-col-33 elementor-top-column elementor-element elementor-element-5d3f9f5b\" data-id=\"5d3f9f5b\" data-element_type=\"column\">\n\t\t\t<div class=\"elementor-widget-wrap elementor-element-populated\">\n\t\t\t\t\t\t\t\t<div class=\"elementor-element elementor-element-2e0cfc5 elementor-widget elementor-widget-image\" data-id=\"2e0cfc5\" data-element_type=\"widget\" data-widget_type=\"image.default\">\n\t\t\t\t<div class=\"elementor-widget-container\">\n\t\t\t\t\t\t\t\t\t\t\t\t\t\t\t<img decoding=\"async\" width=\"2500\" height=\"1667\" src=\"https:\/\/regenerativebrand.org\/wp-content\/uploads\/2023\/09\/REGENERATIVE-NATURE-1.jpeg\" class=\"attachment-full size-full wp-image-76\" alt=\"\" srcset=\"https:\/\/regenerativebrand.org\/wp-content\/uploads\/2023\/09\/REGENERATIVE-NATURE-1.jpeg 2500w, https:\/\/regenerativebrand.org\/wp-content\/uploads\/2023\/09\/REGENERATIVE-NATURE-1-300x200.jpeg 300w, https:\/\/regenerativebrand.org\/wp-content\/uploads\/2023\/09\/REGENERATIVE-NATURE-1-1024x683.jpeg 1024w, https:\/\/regenerativebrand.org\/wp-content\/uploads\/2023\/09\/REGENERATIVE-NATURE-1-768x512.jpeg 768w, https:\/\/regenerativebrand.org\/wp-content\/uploads\/2023\/09\/REGENERATIVE-NATURE-1-1536x1024.jpeg 1536w, https:\/\/regenerativebrand.org\/wp-content\/uploads\/2023\/09\/REGENERATIVE-NATURE-1-2048x1366.jpeg 2048w\" sizes=\"(max-width: 2500px) 100vw, 2500px\" \/>\t\t\t\t\t\t\t\t\t\t\t\t\t\t\t<\/div>\n\t\t\t\t<\/div>\n\t\t\t\t\t<\/div>\n\t\t<\/div>\n\t\t\t\t<div class=\"elementor-column elementor-col-33 elementor-top-column elementor-element elementor-element-3493a889\" data-id=\"3493a889\" data-element_type=\"column\">\n\t\t\t<div class=\"elementor-widget-wrap elementor-element-populated\">\n\t\t\t\t\t\t\t\t<div class=\"elementor-element elementor-element-49c5232 elementor-widget elementor-widget-image\" data-id=\"49c5232\" data-element_type=\"widget\" data-widget_type=\"image.default\">\n\t\t\t\t<div class=\"elementor-widget-container\">\n\t\t\t\t\t\t\t\t\t\t\t\t\t\t\t<img decoding=\"async\" width=\"800\" height=\"534\" src=\"https:\/\/regenerativebrand.org\/wp-content\/uploads\/2023\/09\/REGENERATIVE-NATURE-1024x683.jpeg\" class=\"attachment-large size-large wp-image-75\" alt=\"\" srcset=\"https:\/\/regenerativebrand.org\/wp-content\/uploads\/2023\/09\/REGENERATIVE-NATURE-1024x683.jpeg 1024w, https:\/\/regenerativebrand.org\/wp-content\/uploads\/2023\/09\/REGENERATIVE-NATURE-300x200.jpeg 300w, https:\/\/regenerativebrand.org\/wp-content\/uploads\/2023\/09\/REGENERATIVE-NATURE-768x512.jpeg 768w, https:\/\/regenerativebrand.org\/wp-content\/uploads\/2023\/09\/REGENERATIVE-NATURE-1536x1024.jpeg 1536w, https:\/\/regenerativebrand.org\/wp-content\/uploads\/2023\/09\/REGENERATIVE-NATURE-2048x1366.jpeg 2048w\" sizes=\"(max-width: 800px) 100vw, 800px\" \/>\t\t\t\t\t\t\t\t\t\t\t\t\t\t\t<\/div>\n\t\t\t\t<\/div>\n\t\t\t\t\t<\/div>\n\t\t<\/div>\n\t\t\t\t<div class=\"elementor-column elementor-col-33 elementor-top-column elementor-element elementor-element-5547a671\" data-id=\"5547a671\" data-element_type=\"column\" data-settings=\"{&quot;background_background&quot;:&quot;classic&quot;}\">\n\t\t\t<div class=\"elementor-widget-wrap elementor-element-populated\">\n\t\t\t\t\t\t\t\t<div class=\"elementor-element elementor-element-6c84562a elementor-widget__width-initial elementor-invisible elementor-widget elementor-widget-text-editor\" data-id=\"6c84562a\" data-element_type=\"widget\" data-settings=\"{&quot;_animation&quot;:&quot;fadeInRight&quot;}\" data-widget_type=\"text-editor.default\">\n\t\t\t\t<div class=\"elementor-widget-container\">\n\t\t\t\t\t\t\t<p><strong><span style=\"color: #575757;\">Regenerative Brand<\/span><\/strong> es una<br \/>apuesta al <i>crowdsourcing<\/i>. Un proyecto de comunidad de empresas y profesionales que buscan agregar un prop\u00f3sito m\u00e1s profundo a sus productos o servicios. Nuestra misi\u00f3n es acompa\u00f1ar a nuestros miembros, partners y clientes a trascender los l\u00edmites establecidos, inspir\u00e1ndolos a crear sistemas innovadores y soluciones poderosas que -con el aporte de cada uno- regeneren nuestro mundo.<\/p>\t\t\t\t\t\t<\/div>\n\t\t\t\t<\/div>\n\t\t\t\t\t<\/div>\n\t\t<\/div>\n\t\t\t\t\t\t\t<\/div>\n\t\t<\/section>\n\t\t\t\t<section class=\"elementor-section elementor-top-section elementor-element elementor-element-1bc11c6a elementor-section-boxed elementor-section-height-default elementor-section-height-default\" data-id=\"1bc11c6a\" data-element_type=\"section\" data-settings=\"{&quot;background_background&quot;:&quot;classic&quot;}\">\n\t\t\t\t\t\t<div class=\"elementor-container elementor-column-gap-default\">\n\t\t\t\t\t<div class=\"elementor-column elementor-col-50 elementor-top-column elementor-element elementor-element-7adf13e7\" data-id=\"7adf13e7\" data-element_type=\"column\">\n\t\t\t<div class=\"elementor-widget-wrap elementor-element-populated\">\n\t\t\t\t\t\t\t\t<div class=\"elementor-element elementor-element-5d6584c8 elementor-invisible elementor-widget elementor-widget-image\" data-id=\"5d6584c8\" data-element_type=\"widget\" data-settings=\"{&quot;_animation&quot;:&quot;fadeIn&quot;}\" data-widget_type=\"image.default\">\n\t\t\t\t<div class=\"elementor-widget-container\">\n\t\t\t\t\t\t\t\t\t\t\t\t\t\t\t<img loading=\"lazy\" decoding=\"async\" width=\"456\" height=\"360\" src=\"https:\/\/regenerativebrand.org\/wp-content\/uploads\/2023\/07\/Recurso-4-2.png\" class=\"attachment-large size-large wp-image-36\" alt=\"\" srcset=\"https:\/\/regenerativebrand.org\/wp-content\/uploads\/2023\/07\/Recurso-4-2.png 456w, https:\/\/regenerativebrand.org\/wp-content\/uploads\/2023\/07\/Recurso-4-2-300x237.png 300w\" sizes=\"(max-width: 456px) 100vw, 456px\" \/>\t\t\t\t\t\t\t\t\t\t\t\t\t\t\t<\/div>\n\t\t\t\t<\/div>\n\t\t\t\t\t<\/div>\n\t\t<\/div>\n\t\t\t\t<div class=\"elementor-column elementor-col-50 elementor-top-column elementor-element elementor-element-7cd905dc elementor-invisible\" data-id=\"7cd905dc\" data-element_type=\"column\" data-settings=\"{&quot;animation&quot;:&quot;fadeInUp&quot;}\">\n\t\t\t<div class=\"elementor-widget-wrap elementor-element-populated\">\n\t\t\t\t\t\t\t\t<div class=\"elementor-element elementor-element-6e0938d1 elementor-widget elementor-widget-text-editor\" data-id=\"6e0938d1\" data-element_type=\"widget\" data-widget_type=\"text-editor.default\">\n\t\t\t\t<div class=\"elementor-widget-container\">\n\t\t\t\t\t\t\t<h6>Powered with<\/h6>\t\t\t\t\t\t<\/div>\n\t\t\t\t<\/div>\n\t\t\t\t<section class=\"elementor-section elementor-inner-section elementor-element elementor-element-4daf8afd elementor-section-boxed elementor-section-height-default elementor-section-height-default\" data-id=\"4daf8afd\" data-element_type=\"section\">\n\t\t\t\t\t\t<div class=\"elementor-container elementor-column-gap-default\">\n\t\t\t\t\t<div class=\"elementor-column elementor-col-20 elementor-inner-column elementor-element elementor-element-3ca4202a\" data-id=\"3ca4202a\" data-element_type=\"column\">\n\t\t\t<div class=\"elementor-widget-wrap elementor-element-populated\">\n\t\t\t\t\t\t\t\t<div class=\"elementor-element elementor-element-1ad9ec72 elementor-widget elementor-widget-image\" data-id=\"1ad9ec72\" data-element_type=\"widget\" data-widget_type=\"image.default\">\n\t\t\t\t<div class=\"elementor-widget-container\">\n\t\t\t\t\t\t\t\t\t\t\t\t\t\t\t\t<a href=\"https:\/\/marketeam.xyz\" target=\"_blank\">\n\t\t\t\t\t\t\t<img loading=\"lazy\" decoding=\"async\" width=\"800\" height=\"800\" src=\"https:\/\/regenerativebrand.org\/wp-content\/uploads\/2023\/07\/degvfwegewg2.png\" class=\"attachment-large size-large wp-image-9\" alt=\"\" srcset=\"https:\/\/regenerativebrand.org\/wp-content\/uploads\/2023\/07\/degvfwegewg2.png 1000w, https:\/\/regenerativebrand.org\/wp-content\/uploads\/2023\/07\/degvfwegewg2-300x300.png 300w, https:\/\/regenerativebrand.org\/wp-content\/uploads\/2023\/07\/degvfwegewg2-150x150.png 150w, https:\/\/regenerativebrand.org\/wp-content\/uploads\/2023\/07\/degvfwegewg2-768x768.png 768w\" sizes=\"(max-width: 800px) 100vw, 800px\" \/>\t\t\t\t\t\t\t\t<\/a>\n\t\t\t\t\t\t\t\t\t\t\t\t\t\t\t<\/div>\n\t\t\t\t<\/div>\n\t\t\t\t\t<\/div>\n\t\t<\/div>\n\t\t\t\t<div class=\"elementor-column elementor-col-20 elementor-inner-column elementor-element elementor-element-150bc45e\" data-id=\"150bc45e\" data-element_type=\"column\">\n\t\t\t<div class=\"elementor-widget-wrap elementor-element-populated\">\n\t\t\t\t\t\t\t\t<div class=\"elementor-element elementor-element-40826434 elementor-widget elementor-widget-image\" data-id=\"40826434\" data-element_type=\"widget\" data-widget_type=\"image.default\">\n\t\t\t\t<div class=\"elementor-widget-container\">\n\t\t\t\t\t\t\t\t\t\t\t\t\t\t\t\t<a href=\"https:\/\/www.gurusoluciones.com\/\" target=\"_blank\">\n\t\t\t\t\t\t\t<img loading=\"lazy\" decoding=\"async\" width=\"277\" height=\"240\" src=\"https:\/\/regenerativebrand.org\/wp-content\/uploads\/2023\/07\/Guru-1.png\" class=\"attachment-large size-large wp-image-51\" alt=\"\" \/>\t\t\t\t\t\t\t\t<\/a>\n\t\t\t\t\t\t\t\t\t\t\t\t\t\t\t<\/div>\n\t\t\t\t<\/div>\n\t\t\t\t\t<\/div>\n\t\t<\/div>\n\t\t\t\t<div class=\"elementor-column elementor-col-20 elementor-inner-column elementor-element elementor-element-277a342e\" data-id=\"277a342e\" data-element_type=\"column\">\n\t\t\t<div class=\"elementor-widget-wrap elementor-element-populated\">\n\t\t\t\t\t\t\t\t<div class=\"elementor-element elementor-element-4863c1c8 elementor-widget elementor-widget-image\" data-id=\"4863c1c8\" data-element_type=\"widget\" data-widget_type=\"image.default\">\n\t\t\t\t<div class=\"elementor-widget-container\">\n\t\t\t\t\t\t\t\t\t\t\t\t\t\t\t\t<a href=\"https:\/\/produfilm.com\" target=\"_blank\">\n\t\t\t\t\t\t\t<img loading=\"lazy\" decoding=\"async\" width=\"277\" height=\"240\" src=\"https:\/\/regenerativebrand.org\/wp-content\/uploads\/2023\/07\/produfilm.png\" class=\"attachment-large size-large wp-image-53\" alt=\"\" \/>\t\t\t\t\t\t\t\t<\/a>\n\t\t\t\t\t\t\t\t\t\t\t\t\t\t\t<\/div>\n\t\t\t\t<\/div>\n\t\t\t\t\t<\/div>\n\t\t<\/div>\n\t\t\t\t<div class=\"elementor-column elementor-col-20 elementor-inner-column elementor-element elementor-element-3f76b70c\" data-id=\"3f76b70c\" data-element_type=\"column\">\n\t\t\t<div class=\"elementor-widget-wrap elementor-element-populated\">\n\t\t\t\t\t\t\t\t<div class=\"elementor-element elementor-element-10dedf9a elementor-widget elementor-widget-image\" data-id=\"10dedf9a\" data-element_type=\"widget\" data-widget_type=\"image.default\">\n\t\t\t\t<div class=\"elementor-widget-container\">\n\t\t\t\t\t\t\t\t\t\t\t\t\t\t\t\t<a href=\"https:\/\/www.yext.com\/\" target=\"_blank\">\n\t\t\t\t\t\t\t<img loading=\"lazy\" decoding=\"async\" width=\"277\" height=\"240\" src=\"https:\/\/regenerativebrand.org\/wp-content\/uploads\/2023\/07\/yext.png\" class=\"attachment-large size-large wp-image-54\" alt=\"\" \/>\t\t\t\t\t\t\t\t<\/a>\n\t\t\t\t\t\t\t\t\t\t\t\t\t\t\t<\/div>\n\t\t\t\t<\/div>\n\t\t\t\t\t<\/div>\n\t\t<\/div>\n\t\t\t\t<div class=\"elementor-column elementor-col-20 elementor-inner-column elementor-element elementor-element-2373284d elementor-hidden-phone\" data-id=\"2373284d\" data-element_type=\"column\">\n\t\t\t<div class=\"elementor-widget-wrap\">\n\t\t\t\t\t\t\t\t\t<\/div>\n\t\t<\/div>\n\t\t\t\t\t\t\t<\/div>\n\t\t<\/section>\n\t\t\t\t<div class=\"elementor-element elementor-element-7f43f655 elementor-widget elementor-widget-image\" data-id=\"7f43f655\" data-element_type=\"widget\" data-widget_type=\"image.default\">\n\t\t\t\t<div class=\"elementor-widget-container\">\n\t\t\t\t\t\t\t\t\t\t\t\t\t\t\t<img loading=\"lazy\" decoding=\"async\" width=\"315\" height=\"23\" src=\"https:\/\/regenerativebrand.org\/wp-content\/uploads\/2023\/07\/Recurso-6.png\" class=\"attachment-large size-large wp-image-16\" alt=\"\" srcset=\"https:\/\/regenerativebrand.org\/wp-content\/uploads\/2023\/07\/Recurso-6.png 315w, https:\/\/regenerativebrand.org\/wp-content\/uploads\/2023\/07\/Recurso-6-300x22.png 300w\" sizes=\"(max-width: 315px) 100vw, 315px\" \/>\t\t\t\t\t\t\t\t\t\t\t\t\t\t\t<\/div>\n\t\t\t\t<\/div>\n\t\t\t\t\t<\/div>\n\t\t<\/div>\n\t\t\t\t\t\t\t<\/div>\n\t\t<\/section>\n\t\t\t\t<section class=\"elementor-section elementor-top-section elementor-element elementor-element-507c7fdb elementor-section-full_width elementor-section-stretched elementor-section-content-bottom elementor-section-height-default elementor-section-height-default\" data-id=\"507c7fdb\" data-element_type=\"section\" data-settings=\"{&quot;stretch_section&quot;:&quot;section-stretched&quot;,&quot;background_background&quot;:&quot;classic&quot;}\">\n\t\t\t\t\t\t<div class=\"elementor-container elementor-column-gap-default\">\n\t\t\t\t\t<div class=\"elementor-column elementor-col-100 elementor-top-column elementor-element elementor-element-69f8170\" data-id=\"69f8170\" data-element_type=\"column\">\n\t\t\t<div class=\"elementor-widget-wrap elementor-element-populated\">\n\t\t\t\t\t\t\t\t<div class=\"elementor-element elementor-element-6730e025 elementor-widget elementor-widget-image\" data-id=\"6730e025\" data-element_type=\"widget\" data-widget_type=\"image.default\">\n\t\t\t\t<div class=\"elementor-widget-container\">\n\t\t\t\t\t\t\t\t\t\t\t\t\t\t\t<img loading=\"lazy\" decoding=\"async\" width=\"800\" height=\"16\" src=\"https:\/\/regenerativebrand.org\/wp-content\/uploads\/2023\/07\/Recurso-5-1024x21.png\" class=\"attachment-large size-large wp-image-17\" alt=\"\" srcset=\"https:\/\/regenerativebrand.org\/wp-content\/uploads\/2023\/07\/Recurso-5-1024x21.png 1024w, https:\/\/regenerativebrand.org\/wp-content\/uploads\/2023\/07\/Recurso-5-300x6.png 300w, https:\/\/regenerativebrand.org\/wp-content\/uploads\/2023\/07\/Recurso-5-768x16.png 768w, https:\/\/regenerativebrand.org\/wp-content\/uploads\/2023\/07\/Recurso-5.png 1438w\" sizes=\"(max-width: 800px) 100vw, 800px\" \/>\t\t\t\t\t\t\t\t\t\t\t\t\t\t\t<\/div>\n\t\t\t\t<\/div>\n\t\t\t\t\t<\/div>\n\t\t<\/div>\n\t\t\t\t\t\t\t<\/div>\n\t\t<\/section>\n\t\t\t\t\t\t\t<\/div>\n\t\t","protected":false},"excerpt":{"rendered":"<p>ESTAMOS CO-CREANDO NEGOCIOSM\u00c1SHUMANOS. Las marcas con sentido buscan aportar soluciones a la crisis del cambio clim\u00e1tico, la inequidad y la injusticia mientras hacen su negocio. No da\u00f1ar ya no es suficiente. Hoy necesitamos crear y posicionar Marcas Regenerativas. QUIERO CREARMI PLAN DE MARCAREGENERATIVA Regenerative Brand es unaapuesta al crowdsourcing. Un proyecto de comunidad de empresas [&hellip;]<\/p>\n","protected":false},"author":2,"featured_media":0,"parent":0,"menu_order":0,"comment_status":"closed","ping_status":"closed","template":"elementor_canvas","meta":{"footnotes":""},"_links":{"self":[{"href":"https:\/\/regenerativebrand.org\/index.php?rest_route=\/wp\/v2\/pages\/7"}],"collection":[{"href":"https:\/\/regenerativebrand.org\/index.php?rest_route=\/wp\/v2\/pages"}],"about":[{"href":"https:\/\/regenerativebrand.org\/index.php?rest_route=\/wp\/v2\/types\/page"}],"author":[{"embeddable":true,"href":"https:\/\/regenerativebrand.org\/index.php?rest_route=\/wp\/v2\/users\/2"}],"replies":[{"embeddable":true,"href":"https:\/\/regenerativebrand.org\/index.php?rest_route=%2Fwp%2Fv2%2Fcomments&post=7"}],"version-history":[{"count":0,"href":"https:\/\/regenerativebrand.org\/index.php?rest_route=\/wp\/v2\/pages\/7\/revisions"}],"wp:attachment":[{"href":"https:\/\/regenerativebrand.org\/index.php?rest_route=%2Fwp%2Fv2%2Fmedia&parent=7"}],"curies":[{"name":"wp","href":"https:\/\/api.w.org\/{rel}","templated":true}]}}